{"id":2,"date":"2009-03-27T14:02:30","date_gmt":"2009-03-27T13:02:30","guid":{"rendered":"http:\/\/afrikaknutsen.no\/?page_id=2"},"modified":"2009-11-23T15:50:47","modified_gmt":"2009-11-23T15:50:47","slug":"about","status":"publish","type":"page","link":"http:\/\/afrikaknutsen.no\/?page_id=2","title":{"rendered":"Om siden"},"content":{"rendered":"<p><strong>Her er alle velkomne til \u00e5 skrive en hilsen.<\/strong><\/p>\n<p>Vi vil v\u00e6re p\u00e5 plass i Namibia rett p\u00e5 ny\u00e5ret 2010.Her skal vi bo og forvalte en kveg og jaktfarm p\u00e5 5000 hektar gjennom hele dette \u00e5ret. Vi ser fram til et spennende \u00e5r med mange nye opplevelser.<br \/>\nP\u00e5 denne siden skal vi fors\u00f8ke \u00e5 legge ut innformasjon om hva vi driver med og ting vi opplever slik at dere hjemme kan f\u00f8lge oss litt p\u00e5 v\u00e5r ferd igjennom \u00e5ret.<\/p>\n<p>Kom gjerne med komentarer eller gode ideer. Mye av det vi skal ut p\u00e5 er &laquo;upl\u00f8yd mark&raquo; for oss (f.eks dette med denne siden) s\u00e5 noen r\u00e5d kan v\u00e6re greit.<\/p>\n<p>Anders<\/p>\n","protected":false},"excerpt":{"rendered":"<p>Her er alle velkomne til \u00e5 skrive en hilsen. Vi vil v\u00e6re p\u00e5 plass i Namibia rett p\u00e5 ny\u00e5ret 2010.Her skal vi bo og forvalte en kveg og jaktfarm p\u00e5 5000 hektar gjennom hele dette \u00e5ret. Vi ser fram til et spennende \u00e5r med mange nye opplevelser. P\u00e5 denne siden skal vi fors\u00f8ke \u00e5 legge [&hellip;]<\/p>\n","protected":false},"author":1,"featured_media":0,"parent":0,"menu_order":0,"comment_status":"open","ping_status":"open","template":"","meta":{"footnotes":""},"class_list":["post-2","page","type-page","status-publish","hentry"],"_links":{"self":[{"href":"http:\/\/afrikaknutsen.no\/index.php?rest_route=\/wp\/v2\/pages\/2","targetHints":{"allow":["GET"]}}],"collection":[{"href":"http:\/\/afrikaknutsen.no\/index.php?rest_route=\/wp\/v2\/pages"}],"about":[{"href":"http:\/\/afrikaknutsen.no\/index.php?rest_route=\/wp\/v2\/types\/page"}],"author":[{"embeddable":true,"href":"http:\/\/afrikaknutsen.no\/index.php?rest_route=\/wp\/v2\/users\/1"}],"replies":[{"embeddable":true,"href":"http:\/\/afrikaknutsen.no\/index.php?rest_route=%2Fwp%2Fv2%2Fcomments&post=2"}],"version-history":[{"count":6,"href":"http:\/\/afrikaknutsen.no\/index.php?rest_route=\/wp\/v2\/pages\/2\/revisions"}],"predecessor-version":[{"id":4,"href":"http:\/\/afrikaknutsen.no\/index.php?rest_route=\/wp\/v2\/pages\/2\/revisions\/4"}],"wp:attachment":[{"href":"http:\/\/afrikaknutsen.no\/index.php?rest_route=%2Fwp%2Fv2%2Fmedia&parent=2"}],"curies":[{"name":"wp","href":"https:\/\/api.w.org\/{rel}","templated":true}]}}